{"id":24,"date":"2019-03-25T10:00:49","date_gmt":"2019-03-25T09:00:49","guid":{"rendered":"http:\/\/unsoirunauteur.com\/?page_id=24"},"modified":"2025-12-03T08:37:20","modified_gmt":"2025-12-03T07:37:20","slug":"a-propos","status":"publish","type":"page","link":"http:\/\/unsoirunauteur.com\/index.php\/a-propos\/","title":{"rendered":"A propos"},"content":{"rendered":"[et_pb_section fb_built=\u00a0\u00bb1&Prime; admin_label=\u00a0\u00bbsection\u00a0\u00bb _builder_version=\u00a0\u00bb4.16&Prime; background_image=\u00a0\u00bbhttp:\/\/unsoirunauteur.com\/wp-content\/uploads\/2019\/03\/salon_mathilde-1030&#215;649.jpg\u00a0\u00bb custom_padding=\u00a0\u00bb11px|||||\u00a0\u00bb global_colors_info=\u00a0\u00bb{}\u00a0\u00bb][et_pb_row admin_label=\u00a0\u00bbrow\u00a0\u00bb _builder_version=\u00a0\u00bb4.16&Prime; background_color=\u00a0\u00bb#ffffff\u00a0\u00bb background_size=\u00a0\u00bbinitial\u00a0\u00bb background_position=\u00a0\u00bbtop_left\u00a0\u00bb background_repeat=\u00a0\u00bbrepeat\u00a0\u00bb border_radii=\u00a0\u00bbon|10px|10px|10px|10px\u00a0\u00bb border_width_all=\u00a0\u00bb2px\u00a0\u00bb global_colors_info=\u00a0\u00bb{}\u00a0\u00bb][et_pb_column type=\u00a0\u00bb4_4&Prime; _builder_version=\u00a0\u00bb4.16&Prime; custom_padding=\u00a0\u00bb|||\u00a0\u00bb global_colors_info=\u00a0\u00bb{}\u00a0\u00bb custom_padding__hover=\u00a0\u00bb|||\u00a0\u00bb][et_pb_text admin_label=\u00a0\u00bbText\u00a0\u00bb _builder_version=\u00a0\u00bb4.16&Prime; background_size=\u00a0\u00bbinitial\u00a0\u00bb background_position=\u00a0\u00bbtop_left\u00a0\u00bb background_repeat=\u00a0\u00bbrepeat\u00a0\u00bb custom_padding=\u00a0\u00bb||0px|||\u00a0\u00bb global_colors_info=\u00a0\u00bb{}\u00a0\u00bb]<h1 style=\"text-align: center;\"><strong>L\u2019association :<\/strong><\/h1>\n<p style=\"text-align: center;\">L\u2019association loi de 1901 \u00ab Un soir, un auteur \u00bb a \u00e9t\u00e9 cr\u00e9\u00e9e en 2018 par des amoureux de la litt\u00e9rature. Elle a pour objet de restaurer l\u2019esprit des salons litt\u00e9raires du 18e S. De promouvoir la litt\u00e9rature, la lecture, la cr\u00e9ation, \u00e9manant d\u2019auteurs affirm\u00e9s, ou de jeunes artistes et cr\u00e9ateurs ; de r\u00e9unir les hommes de lettres, artistes, avec les lecteurs, les m\u00e9c\u00e8nes et les fondations de patrimoines culturels et de concourir au rayonnement des Arts et de la Culture en France et \u00e0 l\u2019\u00e9tranger.<br \/> Elle organise des soir\u00e9es culturelles, artistiques et litt\u00e9raires. Elle invite des artistes (\u00e9crivains, peintres, cr\u00e9ateurs etc.) autour d\u2019une th\u00e9matique, en leur offrant la possibilit\u00e9 de parler de leurs \u0153uvres, avec un contact direct avec le public.<\/p>\n<h2 style=\"text-align: center;\"><strong>Les soir\u00e9es :<\/strong><\/h2>\n<p style=\"text-align: center;\">Les soir\u00e9es litt\u00e9raires sont organis\u00e9es \u00e0 Avignon, dans des lieux atypiques ou prestigieux, des cadres intimistes, qui se pr\u00eatent aux d\u00e9bats et \u00e0 l\u2019\u00e9change. Les auteurs ont la possibilit\u00e9 de d\u00e9dicacer leur livre sur le lieu de la rencontre, apr\u00e8s l\u2019interview. L\u2019association prend en charge l\u2019organisation et l\u2019intendance. Pour des \u00e9v\u00e9nements (p. ex. conf\u00e9rences) destin\u00e9s \u00e0 accueillir un public plus large, nous avons la possibilit\u00e9 de disposer de vastes salles de conf\u00e9rence au c\u0153ur de la cit\u00e9 des Papes.<\/p>\n<h2 style=\"text-align: center;\"><strong>Intervenants :<\/strong><\/h2>\n<p style=\"text-align: center;\">Les d\u00e9bats et l\u2019interview de l\u2019auteur sont men\u00e9s par la pr\u00e9sidente de l\u2019association, Nathalia L. Brignoli, journaliste et auteur (\u00ab Le chaos de la s\u00e9duction moderne \u00bb, 2017, Ed. Favre). Apr\u00e8s avoir \u00e9t\u00e9 r\u00e9dactrice en chef du magazine ELLE Suisse, Nathalia L. Brignoli se consacre d\u00e9sormais \u00e0 l\u2019\u00e9criture de romans. Sp\u00e9cialis\u00e9e en litt\u00e9rature fran\u00e7aise, art et th\u00e9\u00e2tre, elle collabore \u00e0 plusieurs titres de presse magazine.<\/p>\n<p>&nbsp;<\/p>\n<p><\/p>\n<p><\/p>[\/et_pb_text][\/et_pb_column][\/et_pb_row][et_pb_row _builder_version=\u00a0\u00bb4.16&Prime; _module_preset=\u00a0\u00bbdefault\u00a0\u00bb custom_padding=\u00a0\u00bb10px|||||\u00a0\u00bb border_radii=\u00a0\u00bbon|10px|10px|10px|10px\u00a0\u00bb border_width_all=\u00a0\u00bb2px\u00a0\u00bb global_colors_info=\u00a0\u00bb{}\u00a0\u00bb][et_pb_column type=\u00a0\u00bb4_4&Prime; _builder_version=\u00a0\u00bb4.16&Prime; _module_preset=\u00a0\u00bbdefault\u00a0\u00bb global_colors_info=\u00a0\u00bb{}\u00a0\u00bb][et_pb_text _builder_version=\u00a0\u00bb4.16&Prime; _module_preset=\u00a0\u00bbdefault\u00a0\u00bb background_color=\u00a0\u00bb#000000&Prime; box_shadow_style=\u00a0\u00bbpreset2&Prime; global_colors_info=\u00a0\u00bb{}\u00a0\u00bb]<h1 style=\"text-align: center;\"><span style=\"color: #ffffff;\"><strong>Les partenaires de l&rsquo;association \u00ab\u00a0un soir un auteur\u00a0\u00bb<\/strong><\/span><\/h1>[\/et_pb_text][\/et_pb_column][\/et_pb_row][et_pb_row column_structure=\u00a0\u00bb1_6,1_6,1_6,1_6,1_6,1_6&Prime; _builder_version=\u00a0\u00bb4.16&Prime; _module_preset=\u00a0\u00bbdefault\u00a0\u00bb background_color=\u00a0\u00bb#8f8f8f\u00a0\u00bb global_colors_info=\u00a0\u00bb{}\u00a0\u00bb][et_pb_column type=\u00a0\u00bb1_6&Prime; _builder_version=\u00a0\u00bb4.16&Prime; _module_preset=\u00a0\u00bbdefault\u00a0\u00bb global_colors_info=\u00a0\u00bb{}\u00a0\u00bb][et_pb_image src=\u00a0\u00bbhttp:\/\/unsoirunauteur.com\/wp-content\/uploads\/2025\/12\/cartedevisiteguillaume2025.jpg\u00a0\u00bb title_text=\u00a0\u00bbcartedevisiteguillaume2025&Prime; url=\u00a0\u00bbhttps:\/\/photo-avignon.com\/\u00a0\u00bb url_new_window=\u00a0\u00bbon\u00a0\u00bb align=\u00a0\u00bbcenter\u00a0\u00bb _builder_version=\u00a0\u00bb4.24.2&Prime; _module_preset=\u00a0\u00bbdefault\u00a0\u00bb module_alignment=\u00a0\u00bbcenter\u00a0\u00bb custom_padding=\u00a0\u00bb|||4px|false|false\u00a0\u00bb hover_enabled=\u00a0\u00bb0&Prime; global_colors_info=\u00a0\u00bb{}\u00a0\u00bb sticky_enabled=\u00a0\u00bb0&Prime;][\/et_pb_image][\/et_pb_column][et_pb_column type=\u00a0\u00bb1_6&Prime; _builder_version=\u00a0\u00bb4.16&Prime; _module_preset=\u00a0\u00bbdefault\u00a0\u00bb global_colors_info=\u00a0\u00bb{}\u00a0\u00bb][et_pb_image src=\u00a0\u00bbhttp:\/\/unsoirunauteur.com\/wp-content\/uploads\/2025\/10\/LOGO-UAI-2024-NEW-copie.jpg\u00a0\u00bb title_text=\u00a0\u00bbLOGO UAI 2024 &#8211; NEW copie\u00a0\u00bb url=\u00a0\u00bbhttps:\/\/imca-provence.com\/\u00a0\u00bb url_new_window=\u00a0\u00bbon\u00a0\u00bb _builder_version=\u00a0\u00bb4.24.2&Prime; _module_preset=\u00a0\u00bbdefault\u00a0\u00bb custom_padding=\u00a0\u00bb|3px|||false|false\u00a0\u00bb global_colors_info=\u00a0\u00bb{}\u00a0\u00bb][\/et_pb_image][\/et_pb_column][et_pb_column type=\u00a0\u00bb1_6&Prime; _builder_version=\u00a0\u00bb4.16&Prime; _module_preset=\u00a0\u00bbdefault\u00a0\u00bb global_colors_info=\u00a0\u00bb{}\u00a0\u00bb][et_pb_image src=\u00a0\u00bbhttp:\/\/unsoirunauteur.com\/wp-content\/uploads\/2025\/10\/Bronzini-logo-01-copie-scaled.jpg\u00a0\u00bb title_text=\u00a0\u00bbBronzini logo-01 copie\u00a0\u00bb url=\u00a0\u00bbhttps:\/\/www.maregionsud.fr\/\u00a0\u00bb url_new_window=\u00a0\u00bbon\u00a0\u00bb _builder_version=\u00a0\u00bb4.24.2&Prime; _module_preset=\u00a0\u00bbdefault\u00a0\u00bb global_colors_info=\u00a0\u00bb{}\u00a0\u00bb][\/et_pb_image][\/et_pb_column][et_pb_column type=\u00a0\u00bb1_6&Prime; _builder_version=\u00a0\u00bb4.16&Prime; _module_preset=\u00a0\u00bbdefault\u00a0\u00bb global_colors_info=\u00a0\u00bb{}\u00a0\u00bb][et_pb_image src=\u00a0\u00bbhttp:\/\/unsoirunauteur.com\/wp-content\/uploads\/2020\/11\/logo-librairie-300&#215;210.jpg\u00a0\u00bb title_text=\u00a0\u00bblogo-librairie\u00a0\u00bb url=\u00a0\u00bbhttps:\/\/www.lamemoiredumonde.fr\/\u00a0\u00bb url_new_window=\u00a0\u00bbon\u00a0\u00bb _builder_version=\u00a0\u00bb4.16&Prime; _module_preset=\u00a0\u00bbdefault\u00a0\u00bb global_colors_info=\u00a0\u00bb{}\u00a0\u00bb][\/et_pb_image][\/et_pb_column][et_pb_column type=\u00a0\u00bb1_6&Prime; _builder_version=\u00a0\u00bb4.16&Prime; _module_preset=\u00a0\u00bbdefault\u00a0\u00bb global_colors_info=\u00a0\u00bb{}\u00a0\u00bb][et_pb_image src=\u00a0\u00bbhttp:\/\/unsoirunauteur.com\/wp-content\/uploads\/2022\/09\/MBronzini-Provence-logo-01-1.jpg\u00a0\u00bb title_text=\u00a0\u00bbMBronzini-Cosmetique-logo\u00a0\u00bb url=\u00a0\u00bbhttps:\/\/www.aucoeurdavignon.com\/\u00a0\u00bb url_new_window=\u00a0\u00bbon\u00a0\u00bb _builder_version=\u00a0\u00bb4.24.2&Prime; _module_preset=\u00a0\u00bbdefault\u00a0\u00bb hover_enabled=\u00a0\u00bb0&Prime; global_colors_info=\u00a0\u00bb{}\u00a0\u00bb sticky_enabled=\u00a0\u00bb0&Prime;][\/et_pb_image][\/et_pb_column][et_pb_column type=\u00a0\u00bb1_6&Prime; _builder_version=\u00a0\u00bb4.16&Prime; _module_preset=\u00a0\u00bbdefault\u00a0\u00bb global_colors_info=\u00a0\u00bb{}\u00a0\u00bb][et_pb_image src=\u00a0\u00bbhttp:\/\/unsoirunauteur.com\/wp-content\/uploads\/2023\/04\/LOGO_CM_FONDATION_POUR_LA_LECTURE_BASELIGNE_QUADRI-scaled.jpg\u00a0\u00bb title_text=\u00a0\u00bbLOGO_CM_FONDATION_POUR_LA_LECTURE_BASELIGNE_QUADRI\u00a0\u00bb _builder_version=\u00a0\u00bb4.24.2&Prime; _module_preset=\u00a0\u00bbdefault\u00a0\u00bb global_colors_info=\u00a0\u00bb{}\u00a0\u00bb][\/et_pb_image][\/et_pb_column][\/et_pb_row][et_pb_row _builder_version=\u00a0\u00bb4.16&Prime; _module_preset=\u00a0\u00bbdefault\u00a0\u00bb custom_padding=\u00a0\u00bb10px|||||\u00a0\u00bb global_colors_info=\u00a0\u00bb{}\u00a0\u00bb][et_pb_column type=\u00a0\u00bb4_4&Prime; _builder_version=\u00a0\u00bb4.16&Prime; _module_preset=\u00a0\u00bbdefault\u00a0\u00bb global_colors_info=\u00a0\u00bb{}\u00a0\u00bb][et_pb_text _builder_version=\u00a0\u00bb4.16&Prime; _module_preset=\u00a0\u00bbdefault\u00a0\u00bb background_color=\u00a0\u00bb#000000&Prime; box_shadow_style=\u00a0\u00bbpreset2&Prime; global_colors_info=\u00a0\u00bb{}\u00a0\u00bb]<h1 style=\"text-align: center;\"><span style=\"color: #ffffff;\"><strong>Le lieu de nos soir\u00e9es \u00ab\u00a0Au coeur d&rsquo;Avignon\u00a0\u00bb<\/strong><\/span><\/h1>[\/et_pb_text][\/et_pb_column][\/et_pb_row][et_pb_row column_structure=\u00a0\u00bb1_2,1_2&Prime; _builder_version=\u00a0\u00bb4.16&Prime; global_colors_info=\u00a0\u00bb{}\u00a0\u00bb][et_pb_column type=\u00a0\u00bb1_2&Prime; _builder_version=\u00a0\u00bb4.16&Prime; global_colors_info=\u00a0\u00bb{}\u00a0\u00bb][et_pb_image src=\u00a0\u00bbhttp:\/\/unsoirunauteur.com\/wp-content\/uploads\/2022\/02\/DSC_4655-scaled.jpg\u00a0\u00bb title_text=\u00a0\u00bbDSC_4655&Prime; _builder_version=\u00a0\u00bb4.16&Prime; global_colors_info=\u00a0\u00bb{}\u00a0\u00bb][\/et_pb_image][\/et_pb_column][et_pb_column type=\u00a0\u00bb1_2&Prime; _builder_version=\u00a0\u00bb4.16&Prime; global_colors_info=\u00a0\u00bb{}\u00a0\u00bb][et_pb_image src=\u00a0\u00bbhttp:\/\/unsoirunauteur.com\/wp-content\/uploads\/2019\/09\/coin-bar-1030&#215;687.jpg\u00a0\u00bb title_text=\u00a0\u00bbcoin bar\u00a0\u00bb _builder_version=\u00a0\u00bb4.16&Prime; global_colors_info=\u00a0\u00bb{}\u00a0\u00bb][\/et_pb_image][\/et_pb_column][\/et_pb_row][et_pb_row _builder_version=\u00a0\u00bb4.16&Prime; global_colors_info=\u00a0\u00bb{}\u00a0\u00bb][et_pb_column type=\u00a0\u00bb4_4&Prime; _builder_version=\u00a0\u00bb4.16&Prime; global_colors_info=\u00a0\u00bb{}\u00a0\u00bb][et_pb_image src=\u00a0\u00bbhttp:\/\/unsoirunauteur.com\/wp-content\/uploads\/2022\/02\/salon_mathilde-accueil.jpg\u00a0\u00bb title_text=\u00a0\u00bbsalon_mathilde-accueil\u00a0\u00bb align=\u00a0\u00bbcenter\u00a0\u00bb _builder_version=\u00a0\u00bb4.16&Prime; border_radii=\u00a0\u00bbon|9px|9px|9px|9px\u00a0\u00bb border_width_all=\u00a0\u00bb2px\u00a0\u00bb global_colors_info=\u00a0\u00bb{}\u00a0\u00bb][\/et_pb_image][\/et_pb_column][\/et_pb_row][\/et_pb_section]","protected":false},"excerpt":{"rendered":"<p>L\u2019association : L\u2019association loi de 1901 \u00ab Un soir, un auteur \u00bb a \u00e9t\u00e9 cr\u00e9\u00e9e en 2018 par des amoureux de la litt\u00e9rature. Elle a pour objet de restaurer l\u2019esprit des salons litt\u00e9raires du 18e S. De promouvoir la litt\u00e9rature, la lecture, la cr\u00e9ation, \u00e9manant d\u2019auteurs affirm\u00e9s, ou de jeunes artistes et cr\u00e9ateurs ; de [&hellip;]<\/p>\n","protected":false},"author":1,"featured_media":0,"parent":0,"menu_order":0,"comment_status":"closed","ping_status":"closed","template":"","meta":{"_et_pb_use_builder":"on","_et_pb_old_content":"<p style=\"text-align: center;\">\u00e0 propos<\/p>\n<p style=\"text-align: center;\"><strong>L\u2019association :<\/strong><\/p>\n<p style=\"text-align: center;\">L\u2019association loi de 1901 \u00ab Un soir, un auteur \u00bb a \u00e9t\u00e9 cr\u00e9\u00e9e en 2018 par des amoureux de la litt\u00e9rature. Elle a pour objet de restaurer l\u2019esprit des salons litt\u00e9raires du 18e S. De promouvoir la litt\u00e9rature, la lecture, la cr\u00e9ation, \u00e9manant d\u2019auteurs affirm\u00e9s, ou de jeunes artistes et cr\u00e9ateurs ; de r\u00e9unir les hommes de lettres, artistes, avec les lecteurs, les m\u00e9c\u00e8nes et les fondations de patrimoines culturels et de concourir au rayonnement des Arts et de la Culture en France et \u00e0 l\u2019\u00e9tranger.<br>\nElle organise des soir\u00e9es culturelles, artistiques et litt\u00e9raires. Elle invite des artistes (\u00e9crivains, peintres, cr\u00e9ateurs etc.) autour d\u2019une th\u00e9matique, en leur offrant la possibilit\u00e9 de parler de leurs \u0153uvres, avec un contact direct avec<\/p>\n<p style=\"text-align: center;\">le public.<\/p>\n<p style=\"text-align: center;\">Les soir\u00e9es :<\/p>\n<p style=\"text-align: center;\">Les soir\u00e9es litt\u00e9raires sont organis\u00e9es \u00e0 Avignon, dans des lieux atypiques ou prestigieux, des cadres intimistes, qui se pr\u00eatent aux d\u00e9bats et \u00e0 l\u2019\u00e9change. Les auteurs ont la possibilit\u00e9 de d\u00e9dicacer leur livre sur le lieu de la rencontre, apr\u00e8s l\u2019interview. L\u2019association prend en charge l\u2019organisation et l\u2019intendance. Pour des \u00e9v\u00e9nements (p. ex. conf\u00e9rences) destin\u00e9s \u00e0 accueillir un public plus large, nous avons la possibilit\u00e9 de disposer de vastes salles de conf\u00e9rence au c\u0153ur de la cit\u00e9 des Papes.<\/p>\n<p style=\"text-align: center;\">Intervenants :<\/p>\n<p style=\"text-align: center;\">Les d\u00e9bats et l\u2019interview de l\u2019auteur sont men\u00e9s par la pr\u00e9sidente de l\u2019association, Nathalia L. Brignoli, journaliste et auteur (\u00ab Le chaos de la s\u00e9duction moderne \u00bb, 2017, Ed. Favre). Apr\u00e8s avoir \u00e9t\u00e9 r\u00e9dactrice en chef du magazine ELLE Suisse, Nathalia L. Brignoli se consacre d\u00e9sormais \u00e0 l\u2019\u00e9criture de romans. Sp\u00e9cialis\u00e9e en litt\u00e9rature fran\u00e7aise, art et th\u00e9\u00e2tre, elle collabore \u00e0 plusieurs titres de presse magazine.<\/p>\n<p style=\"text-align: center;\"><strong>Partenaires : <\/strong><\/p>\n<p style=\"text-align: center;\">La M\u00e9moire du monde<\/p>\n<p style=\"text-align: center;\">Photos et web Guillaume Samama.<\/p>\n<p style=\"text-align: center;\">L\u2019autre Festival<br>\nAu C\u0153ur d\u2019Avignon, maison d\u2019h\u00f4tes et bar \u00e0 vins.<\/p>\n\n<!-- wp:paragraph -->\n<p><\/p>\n<!-- \/wp:paragraph -->","_et_gb_content_width":"","footnotes":""},"_links":{"self":[{"href":"http:\/\/unsoirunauteur.com\/index.php\/wp-json\/wp\/v2\/pages\/24"}],"collection":[{"href":"http:\/\/unsoirunauteur.com\/index.php\/wp-json\/wp\/v2\/pages"}],"about":[{"href":"http:\/\/unsoirunauteur.com\/index.php\/wp-json\/wp\/v2\/types\/page"}],"author":[{"embeddable":true,"href":"http:\/\/unsoirunauteur.com\/index.php\/wp-json\/wp\/v2\/users\/1"}],"replies":[{"embeddable":true,"href":"http:\/\/unsoirunauteur.com\/index.php\/wp-json\/wp\/v2\/comments?post=24"}],"version-history":[{"count":40,"href":"http:\/\/unsoirunauteur.com\/index.php\/wp-json\/wp\/v2\/pages\/24\/revisions"}],"predecessor-version":[{"id":1426,"href":"http:\/\/unsoirunauteur.com\/index.php\/wp-json\/wp\/v2\/pages\/24\/revisions\/1426"}],"wp:attachment":[{"href":"http:\/\/unsoirunauteur.com\/index.php\/wp-json\/wp\/v2\/media?parent=24"}],"curies":[{"name":"wp","href":"https:\/\/api.w.org\/{rel}","templated":true}]}}